{"id":884,"date":"2022-03-18T14:19:33","date_gmt":"2022-03-18T13:19:33","guid":{"rendered":"https:\/\/cmcsweden.se\/qui-sommes-nous\/"},"modified":"2022-09-20T09:12:21","modified_gmt":"2022-09-20T07:12:21","slug":"qui-sommes-nous","status":"publish","type":"page","link":"https:\/\/cmcsweden.se\/fr\/qui-sommes-nous\/","title":{"rendered":"Qui sommes-nous?"},"content":{"rendered":"<p>[et_pb_section fb_built=\u00a0\u00bb1&Prime; _builder_version=\u00a0\u00bb4.16&Prime; _module_preset=\u00a0\u00bbdefault\u00a0\u00bb background_image=\u00a0\u00bbhttps:\/\/cmcsweden.se\/wp-content\/uploads\/2022\/03\/subheader-about.jpg\u00a0\u00bb custom_padding=\u00a0\u00bb12vw||12vw||true|false\u00a0\u00bb global_colors_info=\u00a0\u00bb{}\u00a0\u00bb][\/et_pb_section][et_pb_section fb_built=\u00a0\u00bb1&Prime; _builder_version=\u00a0\u00bb4.16&Prime; _module_preset=\u00a0\u00bbdefault\u00a0\u00bb custom_padding=\u00a0\u00bb||10px||false|false\u00a0\u00bb global_colors_info=\u00a0\u00bb{}\u00a0\u00bb][et_pb_row column_structure=\u00a0\u00bb1_2,1_2&Prime; use_custom_gutter=\u00a0\u00bbon\u00a0\u00bb gutter_width=\u00a0\u00bb1&Prime; _builder_version=\u00a0\u00bb4.16&Prime; _module_preset=\u00a0\u00bbdefault\u00a0\u00bb max_width=\u00a0\u00bb100%\u00a0\u00bb global_colors_info=\u00a0\u00bb{}\u00a0\u00bb][et_pb_column type=\u00a0\u00bb1_2&Prime; _builder_version=\u00a0\u00bb4.16&Prime; _module_preset=\u00a0\u00bbdefault\u00a0\u00bb custom_padding=\u00a0\u00bb|3%||3%|true|true\u00a0\u00bb global_colors_info=\u00a0\u00bb{}\u00a0\u00bb][et_pb_text _builder_version=\u00a0\u00bb4.17.2&Prime; _module_preset=\u00a0\u00bbdefault\u00a0\u00bb text_font=\u00a0\u00bb||||||||\u00a0\u00bb text_text_color=\u00a0\u00bb#000000&Prime; text_font_size=\u00a0\u00bb16px\u00a0\u00bb text_letter_spacing=\u00a0\u00bb2px\u00a0\u00bb header_font=\u00a0\u00bbOpen Sans||||||||\u00a0\u00bb hover_enabled=\u00a0\u00bb0&Prime; global_colors_info=\u00a0\u00bb{}\u00a0\u00bb sticky_enabled=\u00a0\u00bb0&Prime;]<\/p>\n<p><span style=\"font-size: 22px; font-weight: 800;\">QUI SOMMES-NOUS? <\/span> La soci\u00e9t\u00e9 CMC Sweden AB a vu le jour en 1970 \u00e0 Varberg sur la c\u00f4te ouest de la Su\u00e8de.<\/p>\n<p>Pendant les deux premi\u00e8res d\u00e9cennies, notre activit\u00e9 portait sur deux axes:<\/p>\n<ul>\n<li>Construction et fabrication de machines sp\u00e9ciales de pointe. Nos clients sont des grosses pointures de l\u2019industrie su\u00e9doise, \u00e0 savoir Electrolux, Atlas Copco, SAB Automotiv, etc.    <\/li>\n<li>D\u00e9veloppement et fabrication d\u2019outils am\u00e9liorant l\u2019ergonomie et d\u2019accessoires pour le secteur du b\u00e2timent.<\/li>\n<\/ul>\n<p>Au cours des ann\u00e9es 90, alors que les investissements dans l\u2019industrie connaissent une forte baisse, le concept de l\u2019ergonomie gagne du terrain. L\u2019entreprise qui exporte le l\u00e8ve-panneau CM70S ainsi que la guillotine CM-SC voit ses parts de march\u00e9 augmenter dans plusieurs pays.<br \/>La sensibilisation du secteur du b\u00e2timent aux risques d\u2019accidents graves du travail lors de la manipulation de mat\u00e9riaux de construction lourds, notamment les plaques de pl\u00e2tre, favorise l\u2019int\u00e9r\u00eat croissant pour nos outils et accessoires.   Diff\u00e9rentes organisations publiques du travail telles que la Direction su\u00e9doise de la protection des salari\u00e9s, l\u2019Agence su\u00e9doise de promotion de l\u2019ergonomie sur les chantiers (BEL) et l\u2019Agence su\u00e9doise de la sant\u00e9 dans le b\u00e2timent ont manifest\u00e9 un vif int\u00e9r\u00eat pour nos produits et nous ont apport\u00e9 leur concours pour la mise en valeur de notre gamme.<\/p>\n<p>\u00c0 bient\u00f4t 60 ans, l\u2019entreprise CMC Sweden n\u2019a rien perdu de l\u2019enthousiasme et de la force d\u2019innovation qui l\u2019animait \u00e0 ses d\u00e9buts. Notre entreprise continue d\u2019avancer gr\u00e2ce \u00e0 un savoir-faire confirm\u00e9, une \u00e9coute attentive des besoins des clients et une audace certaine dans le d\u00e9veloppement des produits.<br \/>Notre proximit\u00e9 avec nos clients est caract\u00e9ris\u00e9e par une collaboration \u00e9troite et une grande flexibilit\u00e9.<br \/>Toute notre production est assur\u00e9e \u00e0 Varberg depuis toujours. Si les modes de production ont fortement \u00e9volu\u00e9 depuis 50 ans, l\u2019objectif est toujours le m\u00eame. Offrir \u00e0 nos clients des outils pratiques, faciles \u00e0 utiliser et d\u2019une qualit\u00e9 irr\u00e9prochable.  <\/p>\n<p>[\/et_pb_text][\/et_pb_column][et_pb_column type=\u00a0\u00bb1_2&Prime; _builder_version=\u00a0\u00bb4.16&Prime; _module_preset=\u00a0\u00bbdefault\u00a0\u00bb custom_padding=\u00a0\u00bb3%||||false|false\u00a0\u00bb custom_padding_tablet=\u00a0\u00bb0%||||false|false\u00a0\u00bb custom_padding_last_edited=\u00a0\u00bboff|desktop\u00a0\u00bb global_colors_info=\u00a0\u00bb{}\u00a0\u00bb][et_pb_image src=\u00a0\u00bbhttps:\/\/cmcsweden.se\/wp-content\/uploads\/2022\/03\/about-img1.jpg\u00a0\u00bb title_text=\u00a0\u00bbabout-img1&Prime; force_fullwidth=\u00a0\u00bbon\u00a0\u00bb _builder_version=\u00a0\u00bb4.16&Prime; _module_preset=\u00a0\u00bbdefault\u00a0\u00bb global_colors_info=\u00a0\u00bb{}\u00a0\u00bb][\/et_pb_image][\/et_pb_column][\/et_pb_row][\/et_pb_section]<\/p>\n","protected":false},"excerpt":{"rendered":"<p>QUI SOMMES-NOUS? La soci\u00e9t\u00e9 CMC Sweden AB a vu le jour en 1970 \u00e0 Varberg sur la c\u00f4te ouest de la Su\u00e8de. Pendant les deux premi\u00e8res d\u00e9cennies, notre activit\u00e9 portait sur deux axes: Construction et fabrication de machines sp\u00e9ciales de pointe. Nos clients sont des grosses pointures de l\u2019industrie su\u00e9doise, \u00e0 savoir Electrolux, Atlas Copco, [&hellip;]<\/p>\n","protected":false},"author":1,"featured_media":0,"parent":0,"menu_order":0,"comment_status":"closed","ping_status":"closed","template":"","meta":{"_acf_changed":false,"_et_pb_use_builder":"on","_et_pb_old_content":"","_et_gb_content_width":"","footnotes":""},"class_list":["post-884","page","type-page","status-publish","hentry"],"acf":[],"yoast_head":"<!-- This site is optimized with the Yoast SEO plugin v27.2 - https:\/\/yoast.com\/product\/yoast-seo-wordpress\/ -->\n<title>Qui sommes-nous? - CMC Sweden AB<\/title>\n<meta name=\"robots\" content=\"index, follow, max-snippet:-1, max-image-preview:large, max-video-preview:-1\" \/>\n<link rel=\"canonical\" href=\"https:\/\/cmcsweden.se\/fr\/qui-sommes-nous\/\" \/>\n<meta property=\"og:locale\" content=\"fr_FR\" \/>\n<meta property=\"og:type\" content=\"article\" \/>\n<meta property=\"og:title\" content=\"Qui sommes-nous? - CMC Sweden AB\" \/>\n<meta property=\"og:description\" content=\"QUI SOMMES-NOUS? La soci\u00e9t\u00e9 CMC Sweden AB a vu le jour en 1970 \u00e0 Varberg sur la c\u00f4te ouest de la Su\u00e8de. Pendant les deux premi\u00e8res d\u00e9cennies, notre activit\u00e9 portait sur deux axes: Construction et fabrication de machines sp\u00e9ciales de pointe. Nos clients sont des grosses pointures de l\u2019industrie su\u00e9doise, \u00e0 savoir Electrolux, Atlas Copco, [&hellip;]\" \/>\n<meta property=\"og:url\" content=\"https:\/\/cmcsweden.se\/fr\/qui-sommes-nous\/\" \/>\n<meta property=\"og:site_name\" content=\"CMC Sweden AB\" \/>\n<meta property=\"article:modified_time\" content=\"2022-09-20T07:12:21+00:00\" \/>\n<meta name=\"twitter:card\" content=\"summary_large_image\" \/>\n<meta name=\"twitter:label1\" content=\"Dur\u00e9e de lecture estim\u00e9e\" \/>\n\t<meta name=\"twitter:data1\" content=\"3 minutes\" \/>\n<script type=\"application\/ld+json\" class=\"yoast-schema-graph\">{\"@context\":\"https:\/\/schema.org\",\"@graph\":[{\"@type\":\"WebPage\",\"@id\":\"https:\/\/cmcsweden.se\/fr\/qui-sommes-nous\/\",\"url\":\"https:\/\/cmcsweden.se\/fr\/qui-sommes-nous\/\",\"name\":\"Qui sommes-nous? - CMC Sweden AB\",\"isPartOf\":{\"@id\":\"https:\/\/cmcsweden.se\/#website\"},\"datePublished\":\"2022-03-18T13:19:33+00:00\",\"dateModified\":\"2022-09-20T07:12:21+00:00\",\"breadcrumb\":{\"@id\":\"https:\/\/cmcsweden.se\/fr\/qui-sommes-nous\/#breadcrumb\"},\"inLanguage\":\"fr-FR\",\"potentialAction\":[{\"@type\":\"ReadAction\",\"target\":[\"https:\/\/cmcsweden.se\/fr\/qui-sommes-nous\/\"]}]},{\"@type\":\"BreadcrumbList\",\"@id\":\"https:\/\/cmcsweden.se\/fr\/qui-sommes-nous\/#breadcrumb\",\"itemListElement\":[{\"@type\":\"ListItem\",\"position\":1,\"name\":\"Hem\",\"item\":\"https:\/\/cmcsweden.se\/fr\/\"},{\"@type\":\"ListItem\",\"position\":2,\"name\":\"Qui sommes-nous?\"}]},{\"@type\":\"WebSite\",\"@id\":\"https:\/\/cmcsweden.se\/#website\",\"url\":\"https:\/\/cmcsweden.se\/\",\"name\":\"CMC Sweden AB\",\"description\":\"\",\"publisher\":{\"@id\":\"https:\/\/cmcsweden.se\/#organization\"},\"potentialAction\":[{\"@type\":\"SearchAction\",\"target\":{\"@type\":\"EntryPoint\",\"urlTemplate\":\"https:\/\/cmcsweden.se\/?s={search_term_string}\"},\"query-input\":{\"@type\":\"PropertyValueSpecification\",\"valueRequired\":true,\"valueName\":\"search_term_string\"}}],\"inLanguage\":\"fr-FR\"},{\"@type\":\"Organization\",\"@id\":\"https:\/\/cmcsweden.se\/#organization\",\"name\":\"CMC Sweden AB\",\"url\":\"https:\/\/cmcsweden.se\/\",\"logo\":{\"@type\":\"ImageObject\",\"inLanguage\":\"fr-FR\",\"@id\":\"https:\/\/cmcsweden.se\/#\/schema\/logo\/image\/\",\"url\":\"https:\/\/cmcsweden.se\/wp-content\/uploads\/2022\/03\/CMC-logo-vit.png\",\"contentUrl\":\"https:\/\/cmcsweden.se\/wp-content\/uploads\/2022\/03\/CMC-logo-vit.png\",\"width\":2349,\"height\":326,\"caption\":\"CMC Sweden AB\"},\"image\":{\"@id\":\"https:\/\/cmcsweden.se\/#\/schema\/logo\/image\/\"},\"sameAs\":[\"https:\/\/www.instagram.com\/cmcsweden\/\"]}]}<\/script>\n<!-- \/ Yoast SEO plugin. -->","yoast_head_json":{"title":"Qui sommes-nous? - CMC Sweden AB","robots":{"index":"index","follow":"follow","max-snippet":"max-snippet:-1","max-image-preview":"max-image-preview:large","max-video-preview":"max-video-preview:-1"},"canonical":"https:\/\/cmcsweden.se\/fr\/qui-sommes-nous\/","og_locale":"fr_FR","og_type":"article","og_title":"Qui sommes-nous? - CMC Sweden AB","og_description":"QUI SOMMES-NOUS? La soci\u00e9t\u00e9 CMC Sweden AB a vu le jour en 1970 \u00e0 Varberg sur la c\u00f4te ouest de la Su\u00e8de. Pendant les deux premi\u00e8res d\u00e9cennies, notre activit\u00e9 portait sur deux axes: Construction et fabrication de machines sp\u00e9ciales de pointe. Nos clients sont des grosses pointures de l\u2019industrie su\u00e9doise, \u00e0 savoir Electrolux, Atlas Copco, [&hellip;]","og_url":"https:\/\/cmcsweden.se\/fr\/qui-sommes-nous\/","og_site_name":"CMC Sweden AB","article_modified_time":"2022-09-20T07:12:21+00:00","twitter_card":"summary_large_image","twitter_misc":{"Dur\u00e9e de lecture estim\u00e9e":"3 minutes"},"schema":{"@context":"https:\/\/schema.org","@graph":[{"@type":"WebPage","@id":"https:\/\/cmcsweden.se\/fr\/qui-sommes-nous\/","url":"https:\/\/cmcsweden.se\/fr\/qui-sommes-nous\/","name":"Qui sommes-nous? - CMC Sweden AB","isPartOf":{"@id":"https:\/\/cmcsweden.se\/#website"},"datePublished":"2022-03-18T13:19:33+00:00","dateModified":"2022-09-20T07:12:21+00:00","breadcrumb":{"@id":"https:\/\/cmcsweden.se\/fr\/qui-sommes-nous\/#breadcrumb"},"inLanguage":"fr-FR","potentialAction":[{"@type":"ReadAction","target":["https:\/\/cmcsweden.se\/fr\/qui-sommes-nous\/"]}]},{"@type":"BreadcrumbList","@id":"https:\/\/cmcsweden.se\/fr\/qui-sommes-nous\/#breadcrumb","itemListElement":[{"@type":"ListItem","position":1,"name":"Hem","item":"https:\/\/cmcsweden.se\/fr\/"},{"@type":"ListItem","position":2,"name":"Qui sommes-nous?"}]},{"@type":"WebSite","@id":"https:\/\/cmcsweden.se\/#website","url":"https:\/\/cmcsweden.se\/","name":"CMC Sweden AB","description":"","publisher":{"@id":"https:\/\/cmcsweden.se\/#organization"},"potentialAction":[{"@type":"SearchAction","target":{"@type":"EntryPoint","urlTemplate":"https:\/\/cmcsweden.se\/?s={search_term_string}"},"query-input":{"@type":"PropertyValueSpecification","valueRequired":true,"valueName":"search_term_string"}}],"inLanguage":"fr-FR"},{"@type":"Organization","@id":"https:\/\/cmcsweden.se\/#organization","name":"CMC Sweden AB","url":"https:\/\/cmcsweden.se\/","logo":{"@type":"ImageObject","inLanguage":"fr-FR","@id":"https:\/\/cmcsweden.se\/#\/schema\/logo\/image\/","url":"https:\/\/cmcsweden.se\/wp-content\/uploads\/2022\/03\/CMC-logo-vit.png","contentUrl":"https:\/\/cmcsweden.se\/wp-content\/uploads\/2022\/03\/CMC-logo-vit.png","width":2349,"height":326,"caption":"CMC Sweden AB"},"image":{"@id":"https:\/\/cmcsweden.se\/#\/schema\/logo\/image\/"},"sameAs":["https:\/\/www.instagram.com\/cmcsweden\/"]}]}},"_links":{"self":[{"href":"https:\/\/cmcsweden.se\/fr\/wp-json\/wp\/v2\/pages\/884","targetHints":{"allow":["GET"]}}],"collection":[{"href":"https:\/\/cmcsweden.se\/fr\/wp-json\/wp\/v2\/pages"}],"about":[{"href":"https:\/\/cmcsweden.se\/fr\/wp-json\/wp\/v2\/types\/page"}],"author":[{"embeddable":true,"href":"https:\/\/cmcsweden.se\/fr\/wp-json\/wp\/v2\/users\/1"}],"replies":[{"embeddable":true,"href":"https:\/\/cmcsweden.se\/fr\/wp-json\/wp\/v2\/comments?post=884"}],"version-history":[{"count":2,"href":"https:\/\/cmcsweden.se\/fr\/wp-json\/wp\/v2\/pages\/884\/revisions"}],"predecessor-version":[{"id":886,"href":"https:\/\/cmcsweden.se\/fr\/wp-json\/wp\/v2\/pages\/884\/revisions\/886"}],"wp:attachment":[{"href":"https:\/\/cmcsweden.se\/fr\/wp-json\/wp\/v2\/media?parent=884"}],"curies":[{"name":"wp","href":"https:\/\/api.w.org\/{rel}","templated":true}]}}