{"id":748,"date":"2022-03-18T14:19:33","date_gmt":"2022-03-18T13:19:33","guid":{"rendered":"https:\/\/cmcsweden.se\/ueber-uns\/"},"modified":"2022-09-19T16:56:22","modified_gmt":"2022-09-19T14:56:22","slug":"ueber-uns","status":"publish","type":"page","link":"https:\/\/cmcsweden.se\/de\/ueber-uns\/","title":{"rendered":"\u00dcber uns"},"content":{"rendered":"<p>[et_pb_section fb_built=&#8220;1&#8243; _builder_version=&#8220;4.16&#8243; _module_preset=&#8220;default&#8220; background_image=&#8220;https:\/\/cmcsweden.se\/wp-content\/uploads\/2022\/03\/subheader-about.jpg&#8220; custom_padding=&#8220;12vw||12vw||true|false&#8220; global_colors_info=&#8220;{}&#8220;][\/et_pb_section][et_pb_section fb_built=&#8220;1&#8243; _builder_version=&#8220;4.16&#8243; _module_preset=&#8220;default&#8220; custom_padding=&#8220;||10px||false|false&#8220; global_colors_info=&#8220;{}&#8220;][et_pb_row column_structure=&#8220;1_2,1_2&#8243; use_custom_gutter=&#8220;on&#8220; gutter_width=&#8220;1&#8243; _builder_version=&#8220;4.16&#8243; _module_preset=&#8220;default&#8220; max_width=&#8220;100%&#8220; global_colors_info=&#8220;{}&#8220;][et_pb_column type=&#8220;1_2&#8243; _builder_version=&#8220;4.16&#8243; _module_preset=&#8220;default&#8220; custom_padding=&#8220;|3%||3%|true|true&#8220; global_colors_info=&#8220;{}&#8220;][et_pb_text _builder_version=&#8220;4.17.2&#8243; _module_preset=&#8220;default&#8220; text_font=&#8220;||||||||&#8220; text_text_color=&#8220;#000000&#8243; text_font_size=&#8220;16px&#8220; text_letter_spacing=&#8220;2px&#8220; header_font=&#8220;Open Sans||||||||&#8220; hover_enabled=&#8220;0&#8243; global_colors_info=&#8220;{}&#8220; sticky_enabled=&#8220;0&#8243;]<\/p>\n<p><span style=\"font-size: 22px; font-weight: 800;\">\u00dcBER UNS <\/span> CMC Sweden AB wurde 1970 an der schwedischen Westk\u00fcste in Varberg gegr\u00fcndet.<\/p>\n<p>W\u00e4hrend der ersten 20 Jahre war das Unternehmen in zwei Bereichen t\u00e4tig:<\/p>\n<ul>\n<li>der Konstruktion und Herstellung komplexer Sondermaschinen f\u00fcr Kunden aus der schwedischen Gro\u00dfindustrie, z. B. Electrolux, Atlas Copco, SAB Automotiv usw.    <\/li>\n<li>der Entwicklung und Herstellung von Werkzeugen und Hilfsmitteln f\u00fcr ergonomischeres Arbeiten in der Baubranche<\/li>\n<\/ul>\n<p>In den 90er Jahren, in denen die Investitionen in der Industrie erheblich zur\u00fcckgingen, trat das Ergonomiekonzept st\u00e4rker in den Vordergrund. Auf mehreren M\u00e4rkten wuchsen die Exportzahlen des Unternehmens f\u00fcr den Plattenlift CM70S sowie den Profilschneider CM-SC.<br \/>Immer tiefere Einblicke in die in der Baubranche bestehenden Risiken schwerer Belastungssch\u00e4den bei der Handhabung von schweren Baustoffen, z. B. Gipskartonplatten, haben zu einem wachsenden Interesse an unseren Werkzeugen und Hilfsmitteln beigetragen. Verschiedene \u00f6ffentliche Arbeitsschutzorgane, wie die schwedische Direktion f\u00fcr Arbeitnehmerschutz (Arbetarskyddsstyrelsen), das Labor f\u00fcr Bauergonomie (Byggergonomi Laboratoriet \u2013 BEL) und die schwedische Organisation zur Verbesserung des Arbeitsmilieus (Byggh\u00e4lsan) haben hier gro\u00dfes Interesse bekundet und uns mit Analysen unserer Produkte unterst\u00fctzt.<\/p>\n<p>CMC Sweden hat nun sein siebtes Jahrzehnt erreicht und auch heute leben Neugierde und Innovationsfreude unver\u00e4ndert im Unternehmen fort. In Kombination mit einem offenen Ohr f\u00fcr die Anforderungen unserer Kunden und einer ambitionierten Produktentwicklung bringen uns diese traditionellen Eigenschaften kontinuierlich voran.<br \/>Wir bem\u00fchen uns Tag f\u00fcr Tag um Kundenn\u00e4he und setzen auf rege Kommunikation sowie hohe Flexibilit\u00e4t.<br \/>Von Anfang an kommen alle unsere Produkte ausschlie\u00dflich aus Varberg. Und auch wenn sich die Produktionsverfahren nat\u00fcrlich innerhalb von 50 Jahren erheblich ver\u00e4ndert haben, ist unser Ziel doch das gleiche geblieben: unseren Kunden benutzerfreundliche und handliche Hilfsmittel von herausragender Qualit\u00e4t zu bieten.  <\/p>\n<p>[\/et_pb_text][\/et_pb_column][et_pb_column type=&#8220;1_2&#8243; _builder_version=&#8220;4.16&#8243; _module_preset=&#8220;default&#8220; custom_padding=&#8220;3%||||false|false&#8220; custom_padding_tablet=&#8220;0%||||false|false&#8220; custom_padding_last_edited=&#8220;off|desktop&#8220; global_colors_info=&#8220;{}&#8220;][et_pb_image src=&#8220;https:\/\/cmcsweden.se\/wp-content\/uploads\/2022\/03\/about-img1.jpg&#8220; title_text=&#8220;about-img1&#8243; force_fullwidth=&#8220;on&#8220; _builder_version=&#8220;4.16&#8243; _module_preset=&#8220;default&#8220; global_colors_info=&#8220;{}&#8220;][\/et_pb_image][\/et_pb_column][\/et_pb_row][\/et_pb_section]<\/p>\n","protected":false},"excerpt":{"rendered":"<p>\u00dcBER UNS CMC Sweden AB wurde 1970 an der schwedischen Westk\u00fcste in Varberg gegr\u00fcndet. W\u00e4hrend der ersten 20 Jahre war das Unternehmen in zwei Bereichen t\u00e4tig: der Konstruktion und Herstellung komplexer Sondermaschinen f\u00fcr Kunden aus der schwedischen Gro\u00dfindustrie, z. B. Electrolux, Atlas Copco, SAB Automotiv usw. der Entwicklung und Herstellung von Werkzeugen und Hilfsmitteln f\u00fcr [&hellip;]<\/p>\n","protected":false},"author":1,"featured_media":0,"parent":0,"menu_order":0,"comment_status":"closed","ping_status":"closed","template":"","meta":{"_acf_changed":false,"_et_pb_use_builder":"on","_et_pb_old_content":"","_et_gb_content_width":"","footnotes":""},"class_list":["post-748","page","type-page","status-publish","hentry"],"acf":[],"yoast_head":"<!-- This site is optimized with the Yoast SEO plugin v27.2 - https:\/\/yoast.com\/product\/yoast-seo-wordpress\/ -->\n<title>\u00dcber uns - CMC Sweden AB<\/title>\n<meta name=\"robots\" content=\"index, follow, max-snippet:-1, max-image-preview:large, max-video-preview:-1\" \/>\n<link rel=\"canonical\" href=\"https:\/\/cmcsweden.se\/de\/ueber-uns\/\" \/>\n<meta property=\"og:locale\" content=\"de_DE\" \/>\n<meta property=\"og:type\" content=\"article\" \/>\n<meta property=\"og:title\" content=\"\u00dcber uns - CMC Sweden AB\" \/>\n<meta property=\"og:description\" content=\"\u00dcBER UNS CMC Sweden AB wurde 1970 an der schwedischen Westk\u00fcste in Varberg gegr\u00fcndet. W\u00e4hrend der ersten 20 Jahre war das Unternehmen in zwei Bereichen t\u00e4tig: der Konstruktion und Herstellung komplexer Sondermaschinen f\u00fcr Kunden aus der schwedischen Gro\u00dfindustrie, z. B. Electrolux, Atlas Copco, SAB Automotiv usw. der Entwicklung und Herstellung von Werkzeugen und Hilfsmitteln f\u00fcr [&hellip;]\" \/>\n<meta property=\"og:url\" content=\"https:\/\/cmcsweden.se\/de\/ueber-uns\/\" \/>\n<meta property=\"og:site_name\" content=\"CMC Sweden AB\" \/>\n<meta property=\"article:modified_time\" content=\"2022-09-19T14:56:22+00:00\" \/>\n<meta name=\"twitter:card\" content=\"summary_large_image\" \/>\n<meta name=\"twitter:label1\" content=\"Gesch\u00e4tzte Lesezeit\" \/>\n\t<meta name=\"twitter:data1\" content=\"2\u00a0Minuten\" \/>\n<script type=\"application\/ld+json\" class=\"yoast-schema-graph\">{\"@context\":\"https:\/\/schema.org\",\"@graph\":[{\"@type\":\"WebPage\",\"@id\":\"https:\/\/cmcsweden.se\/de\/ueber-uns\/\",\"url\":\"https:\/\/cmcsweden.se\/de\/ueber-uns\/\",\"name\":\"\u00dcber uns - CMC Sweden AB\",\"isPartOf\":{\"@id\":\"https:\/\/cmcsweden.se\/#website\"},\"datePublished\":\"2022-03-18T13:19:33+00:00\",\"dateModified\":\"2022-09-19T14:56:22+00:00\",\"breadcrumb\":{\"@id\":\"https:\/\/cmcsweden.se\/de\/ueber-uns\/#breadcrumb\"},\"inLanguage\":\"de\",\"potentialAction\":[{\"@type\":\"ReadAction\",\"target\":[\"https:\/\/cmcsweden.se\/de\/ueber-uns\/\"]}]},{\"@type\":\"BreadcrumbList\",\"@id\":\"https:\/\/cmcsweden.se\/de\/ueber-uns\/#breadcrumb\",\"itemListElement\":[{\"@type\":\"ListItem\",\"position\":1,\"name\":\"Hem\",\"item\":\"https:\/\/cmcsweden.se\/de\/\"},{\"@type\":\"ListItem\",\"position\":2,\"name\":\"\u00dcber uns\"}]},{\"@type\":\"WebSite\",\"@id\":\"https:\/\/cmcsweden.se\/#website\",\"url\":\"https:\/\/cmcsweden.se\/\",\"name\":\"CMC Sweden AB\",\"description\":\"\",\"publisher\":{\"@id\":\"https:\/\/cmcsweden.se\/#organization\"},\"potentialAction\":[{\"@type\":\"SearchAction\",\"target\":{\"@type\":\"EntryPoint\",\"urlTemplate\":\"https:\/\/cmcsweden.se\/?s={search_term_string}\"},\"query-input\":{\"@type\":\"PropertyValueSpecification\",\"valueRequired\":true,\"valueName\":\"search_term_string\"}}],\"inLanguage\":\"de\"},{\"@type\":\"Organization\",\"@id\":\"https:\/\/cmcsweden.se\/#organization\",\"name\":\"CMC Sweden AB\",\"url\":\"https:\/\/cmcsweden.se\/\",\"logo\":{\"@type\":\"ImageObject\",\"inLanguage\":\"de\",\"@id\":\"https:\/\/cmcsweden.se\/#\/schema\/logo\/image\/\",\"url\":\"https:\/\/cmcsweden.se\/wp-content\/uploads\/2022\/03\/CMC-logo-vit.png\",\"contentUrl\":\"https:\/\/cmcsweden.se\/wp-content\/uploads\/2022\/03\/CMC-logo-vit.png\",\"width\":2349,\"height\":326,\"caption\":\"CMC Sweden AB\"},\"image\":{\"@id\":\"https:\/\/cmcsweden.se\/#\/schema\/logo\/image\/\"},\"sameAs\":[\"https:\/\/www.instagram.com\/cmcsweden\/\"]}]}<\/script>\n<!-- \/ Yoast SEO plugin. -->","yoast_head_json":{"title":"\u00dcber uns - CMC Sweden AB","robots":{"index":"index","follow":"follow","max-snippet":"max-snippet:-1","max-image-preview":"max-image-preview:large","max-video-preview":"max-video-preview:-1"},"canonical":"https:\/\/cmcsweden.se\/de\/ueber-uns\/","og_locale":"de_DE","og_type":"article","og_title":"\u00dcber uns - CMC Sweden AB","og_description":"\u00dcBER UNS CMC Sweden AB wurde 1970 an der schwedischen Westk\u00fcste in Varberg gegr\u00fcndet. W\u00e4hrend der ersten 20 Jahre war das Unternehmen in zwei Bereichen t\u00e4tig: der Konstruktion und Herstellung komplexer Sondermaschinen f\u00fcr Kunden aus der schwedischen Gro\u00dfindustrie, z. B. Electrolux, Atlas Copco, SAB Automotiv usw. der Entwicklung und Herstellung von Werkzeugen und Hilfsmitteln f\u00fcr [&hellip;]","og_url":"https:\/\/cmcsweden.se\/de\/ueber-uns\/","og_site_name":"CMC Sweden AB","article_modified_time":"2022-09-19T14:56:22+00:00","twitter_card":"summary_large_image","twitter_misc":{"Gesch\u00e4tzte Lesezeit":"2\u00a0Minuten"},"schema":{"@context":"https:\/\/schema.org","@graph":[{"@type":"WebPage","@id":"https:\/\/cmcsweden.se\/de\/ueber-uns\/","url":"https:\/\/cmcsweden.se\/de\/ueber-uns\/","name":"\u00dcber uns - CMC Sweden AB","isPartOf":{"@id":"https:\/\/cmcsweden.se\/#website"},"datePublished":"2022-03-18T13:19:33+00:00","dateModified":"2022-09-19T14:56:22+00:00","breadcrumb":{"@id":"https:\/\/cmcsweden.se\/de\/ueber-uns\/#breadcrumb"},"inLanguage":"de","potentialAction":[{"@type":"ReadAction","target":["https:\/\/cmcsweden.se\/de\/ueber-uns\/"]}]},{"@type":"BreadcrumbList","@id":"https:\/\/cmcsweden.se\/de\/ueber-uns\/#breadcrumb","itemListElement":[{"@type":"ListItem","position":1,"name":"Hem","item":"https:\/\/cmcsweden.se\/de\/"},{"@type":"ListItem","position":2,"name":"\u00dcber uns"}]},{"@type":"WebSite","@id":"https:\/\/cmcsweden.se\/#website","url":"https:\/\/cmcsweden.se\/","name":"CMC Sweden AB","description":"","publisher":{"@id":"https:\/\/cmcsweden.se\/#organization"},"potentialAction":[{"@type":"SearchAction","target":{"@type":"EntryPoint","urlTemplate":"https:\/\/cmcsweden.se\/?s={search_term_string}"},"query-input":{"@type":"PropertyValueSpecification","valueRequired":true,"valueName":"search_term_string"}}],"inLanguage":"de"},{"@type":"Organization","@id":"https:\/\/cmcsweden.se\/#organization","name":"CMC Sweden AB","url":"https:\/\/cmcsweden.se\/","logo":{"@type":"ImageObject","inLanguage":"de","@id":"https:\/\/cmcsweden.se\/#\/schema\/logo\/image\/","url":"https:\/\/cmcsweden.se\/wp-content\/uploads\/2022\/03\/CMC-logo-vit.png","contentUrl":"https:\/\/cmcsweden.se\/wp-content\/uploads\/2022\/03\/CMC-logo-vit.png","width":2349,"height":326,"caption":"CMC Sweden AB"},"image":{"@id":"https:\/\/cmcsweden.se\/#\/schema\/logo\/image\/"},"sameAs":["https:\/\/www.instagram.com\/cmcsweden\/"]}]}},"_links":{"self":[{"href":"https:\/\/cmcsweden.se\/de\/wp-json\/wp\/v2\/pages\/748","targetHints":{"allow":["GET"]}}],"collection":[{"href":"https:\/\/cmcsweden.se\/de\/wp-json\/wp\/v2\/pages"}],"about":[{"href":"https:\/\/cmcsweden.se\/de\/wp-json\/wp\/v2\/types\/page"}],"author":[{"embeddable":true,"href":"https:\/\/cmcsweden.se\/de\/wp-json\/wp\/v2\/users\/1"}],"replies":[{"embeddable":true,"href":"https:\/\/cmcsweden.se\/de\/wp-json\/wp\/v2\/comments?post=748"}],"version-history":[{"count":2,"href":"https:\/\/cmcsweden.se\/de\/wp-json\/wp\/v2\/pages\/748\/revisions"}],"predecessor-version":[{"id":750,"href":"https:\/\/cmcsweden.se\/de\/wp-json\/wp\/v2\/pages\/748\/revisions\/750"}],"wp:attachment":[{"href":"https:\/\/cmcsweden.se\/de\/wp-json\/wp\/v2\/media?parent=748"}],"curies":[{"name":"wp","href":"https:\/\/api.w.org\/{rel}","templated":true}]}}